{"id":637,"date":"2022-04-23T22:12:36","date_gmt":"2022-04-23T22:12:36","guid":{"rendered":"https:\/\/www.spravna-volba.cz\/?page_id=637"},"modified":"2022-06-09T16:23:31","modified_gmt":"2022-06-09T16:23:31","slug":"tematicky-program","status":"publish","type":"page","link":"https:\/\/www.spravna-volba.cz\/?page_id=637","title":{"rendered":"Program"},"content":{"rendered":"\t\t<div data-elementor-type=\"wp-page\" data-elementor-id=\"637\" class=\"elementor elementor-637\">\n\t\t\t\t\t\t<section class=\"elementor-section elementor-top-section elementor-element elementor-element-9c6e4f0 elementor-section-boxed elementor-section-height-default elementor-section-height-default\" data-id=\"9c6e4f0\" data-element_type=\"section\">\n\t\t\t\t\t\t<div class=\"elementor-container elementor-column-gap-default\">\n\t\t\t\t\t<div class=\"elementor-column elementor-col-100 elementor-top-column elementor-element elementor-element-a963155\" data-id=\"a963155\" data-element_type=\"column\">\n\t\t\t<div class=\"elementor-widget-wrap elementor-element-populated\">\n\t\t\t\t\t\t<div class=\"elementor-element elementor-element-3d390b4 elementor-widget elementor-widget-heading\" data-id=\"3d390b4\" data-element_type=\"widget\" data-widget_type=\"heading.default\">\n\t\t\t\t<div class=\"elementor-widget-container\">\n\t\t\t<style>\/*! elementor - v3.23.0 - 05-08-2024 *\/\n.elementor-heading-title{padding:0;margin:0;line-height:1}.elementor-widget-heading .elementor-heading-title[class*=elementor-size-]>a{color:inherit;font-size:inherit;line-height:inherit}.elementor-widget-heading .elementor-heading-title.elementor-size-small{font-size:15px}.elementor-widget-heading .elementor-heading-title.elementor-size-medium{font-size:19px}.elementor-widget-heading .elementor-heading-title.elementor-size-large{font-size:29px}.elementor-widget-heading .elementor-heading-title.elementor-size-xl{font-size:39px}.elementor-widget-heading .elementor-heading-title.elementor-size-xxl{font-size:59px}<\/style><h2 class=\"elementor-heading-title elementor-size-default\">T\u00e9matick\u00fd program<\/h2>\t\t<\/div>\n\t\t\t\t<\/div>\n\t\t\t\t<div class=\"elementor-element elementor-element-444e1f2 elementor-tabs-view-horizontal elementor-widget elementor-widget-tabs\" data-id=\"444e1f2\" data-element_type=\"widget\" data-widget_type=\"tabs.default\">\n\t\t\t\t<div class=\"elementor-widget-container\">\n\t\t\t<style>\/*! elementor - v3.23.0 - 05-08-2024 *\/\n.elementor-widget-tabs.elementor-tabs-view-vertical .elementor-tabs-wrapper{width:25%;flex-shrink:0}.elementor-widget-tabs.elementor-tabs-view-vertical .elementor-tab-desktop-title.elementor-active{border-inline-end-style:none}.elementor-widget-tabs.elementor-tabs-view-vertical .elementor-tab-desktop-title.elementor-active:after,.elementor-widget-tabs.elementor-tabs-view-vertical .elementor-tab-desktop-title.elementor-active:before{height:999em;width:0;right:0;border-inline-end-style:solid}.elementor-widget-tabs.elementor-tabs-view-vertical .elementor-tab-desktop-title.elementor-active:before{top:0;transform:translateY(-100%)}.elementor-widget-tabs.elementor-tabs-view-vertical .elementor-tab-desktop-title.elementor-active:after{top:100%}.elementor-widget-tabs.elementor-tabs-view-horizontal .elementor-tab-desktop-title{display:table-cell}.elementor-widget-tabs.elementor-tabs-view-horizontal .elementor-tab-desktop-title.elementor-active{border-bottom-style:none}.elementor-widget-tabs.elementor-tabs-view-horizontal .elementor-tab-desktop-title.elementor-active:after,.elementor-widget-tabs.elementor-tabs-view-horizontal .elementor-tab-desktop-title.elementor-active:before{bottom:0;height:0;width:999em;border-bottom-style:solid}.elementor-widget-tabs.elementor-tabs-view-horizontal .elementor-tab-desktop-title.elementor-active:before{right:100%}.elementor-widget-tabs.elementor-tabs-view-horizontal .elementor-tab-desktop-title.elementor-active:after{left:100%}.elementor-widget-tabs .elementor-tab-content,.elementor-widget-tabs .elementor-tab-title,.elementor-widget-tabs .elementor-tab-title:after,.elementor-widget-tabs .elementor-tab-title:before,.elementor-widget-tabs .elementor-tabs-content-wrapper{border:1px #d5d8dc}.elementor-widget-tabs .elementor-tabs{text-align:start}.elementor-widget-tabs .elementor-tabs-wrapper{overflow:hidden}.elementor-widget-tabs .elementor-tab-title{cursor:pointer;outline:var(--focus-outline,none)}.elementor-widget-tabs .elementor-tab-desktop-title{position:relative;padding:20px 25px;font-weight:700;line-height:1;border:solid transparent}.elementor-widget-tabs .elementor-tab-desktop-title.elementor-active{border-color:#d5d8dc}.elementor-widget-tabs .elementor-tab-desktop-title.elementor-active:after,.elementor-widget-tabs .elementor-tab-desktop-title.elementor-active:before{display:block;content:\"\";position:absolute}.elementor-widget-tabs .elementor-tab-desktop-title:focus-visible{border:1px solid #000}.elementor-widget-tabs .elementor-tab-mobile-title{padding:10px;cursor:pointer}.elementor-widget-tabs .elementor-tab-content{padding:20px;display:none}@media (max-width:767px){.elementor-tabs .elementor-tab-content,.elementor-tabs .elementor-tab-title{border-style:solid solid none}.elementor-tabs .elementor-tabs-wrapper{display:none}.elementor-tabs .elementor-tabs-content-wrapper{border-bottom-style:solid}.elementor-tabs .elementor-tab-content{padding:10px}}@media (min-width:768px){.elementor-widget-tabs.elementor-tabs-view-vertical .elementor-tabs{display:flex}.elementor-widget-tabs.elementor-tabs-view-vertical .elementor-tabs-wrapper{flex-direction:column}.elementor-widget-tabs.elementor-tabs-view-vertical .elementor-tabs-content-wrapper{flex-grow:1;border-style:solid solid solid none}.elementor-widget-tabs.elementor-tabs-view-horizontal .elementor-tab-content{border-style:none solid solid}.elementor-widget-tabs.elementor-tabs-alignment-center .elementor-tabs-wrapper,.elementor-widget-tabs.elementor-tabs-alignment-end .elementor-tabs-wrapper,.elementor-widget-tabs.elementor-tabs-alignment-stretch .elementor-tabs-wrapper{display:flex}.elementor-widget-tabs.elementor-tabs-alignment-center .elementor-tabs-wrapper{justify-content:center}.elementor-widget-tabs.elementor-tabs-alignment-end .elementor-tabs-wrapper{justify-content:flex-end}.elementor-widget-tabs.elementor-tabs-alignment-stretch.elementor-tabs-view-horizontal .elementor-tab-title{width:100%}.elementor-widget-tabs.elementor-tabs-alignment-stretch.elementor-tabs-view-vertical .elementor-tab-title{height:100%}.elementor-tabs .elementor-tab-mobile-title{display:none}}<\/style>\t\t<div class=\"elementor-tabs\">\n\t\t\t<div class=\"elementor-tabs-wrapper\" role=\"tablist\" >\n\t\t\t\t\t\t\t\t\t<div id=\"elementor-tab-title-7161\" class=\"elementor-tab-title elementor-tab-desktop-title\" aria-selected=\"true\" data-tab=\"1\" role=\"tab\" tabindex=\"0\" aria-controls=\"elementor-tab-content-7161\" aria-expanded=\"false\">Zdravotnictv\u00ed<\/div>\n\t\t\t\t\t\t\t\t\t<div id=\"elementor-tab-title-7162\" class=\"elementor-tab-title elementor-tab-desktop-title\" aria-selected=\"false\" data-tab=\"2\" role=\"tab\" tabindex=\"-1\" aria-controls=\"elementor-tab-content-7162\" aria-expanded=\"false\">Sport<\/div>\n\t\t\t\t\t\t\t\t\t<div id=\"elementor-tab-title-7163\" class=\"elementor-tab-title elementor-tab-desktop-title\" aria-selected=\"false\" data-tab=\"3\" role=\"tab\" tabindex=\"-1\" aria-controls=\"elementor-tab-content-7163\" aria-expanded=\"false\">Soci\u00e1ln\u00ed p\u00e9\u010de<\/div>\n\t\t\t\t\t\t\t\t\t<div id=\"elementor-tab-title-7164\" class=\"elementor-tab-title elementor-tab-desktop-title\" aria-selected=\"false\" data-tab=\"4\" role=\"tab\" tabindex=\"-1\" aria-controls=\"elementor-tab-content-7164\" aria-expanded=\"false\">Doprava<\/div>\n\t\t\t\t\t\t\t\t\t<div id=\"elementor-tab-title-7165\" class=\"elementor-tab-title elementor-tab-desktop-title\" aria-selected=\"false\" data-tab=\"5\" role=\"tab\" tabindex=\"-1\" aria-controls=\"elementor-tab-content-7165\" aria-expanded=\"false\">Parkov\u00e1n\u00ed<\/div>\n\t\t\t\t\t\t\t\t\t<div id=\"elementor-tab-title-7166\" class=\"elementor-tab-title elementor-tab-desktop-title\" aria-selected=\"false\" data-tab=\"6\" role=\"tab\" tabindex=\"-1\" aria-controls=\"elementor-tab-content-7166\" aria-expanded=\"false\">Odpadov\u00e9 hospod\u00e1\u0159stv\u00ed<\/div>\n\t\t\t\t\t\t\t\t\t<div id=\"elementor-tab-title-7167\" class=\"elementor-tab-title elementor-tab-desktop-title\" aria-selected=\"false\" data-tab=\"7\" role=\"tab\" tabindex=\"-1\" aria-controls=\"elementor-tab-content-7167\" aria-expanded=\"false\">Ekonomika<\/div>\n\t\t\t\t\t\t\t<\/div>\n\t\t\t<div class=\"elementor-tabs-content-wrapper\" role=\"tablist\" aria-orientation=\"vertical\">\n\t\t\t\t\t\t\t\t\t<div class=\"elementor-tab-title elementor-tab-mobile-title\" aria-selected=\"true\" data-tab=\"1\" role=\"tab\" tabindex=\"0\" aria-controls=\"elementor-tab-content-7161\" aria-expanded=\"false\">Zdravotnictv\u00ed<\/div>\n\t\t\t\t\t<div id=\"elementor-tab-content-7161\" class=\"elementor-tab-content elementor-clearfix\" data-tab=\"1\" role=\"tabpanel\" aria-labelledby=\"elementor-tab-title-7161\" tabindex=\"0\" hidden=\"false\"><p style=\"background: white; margin: 0cm 0cm 15.0pt 0cm;\"><strong><span style=\"font-size: 14.5pt; font-family: 'Arial','sans-serif'; color: #383838;\">Komplexn\u00ed a dostupn\u00e1 zdravotnick\u00e1 p\u00e9\u010de.<\/span><\/strong><\/p><p style=\"background: white; margin: 0cm 0cm 15.0pt 0cm;\"><span style=\"font-size: 14.5pt; font-family: 'Arial','sans-serif'; color: #383838;\">Budeme usilovat o komplexn\u00ed a dostupnou zdravotnickou p\u00e9\u010di, proto\u017ee za posledn\u00edch 10 let v Chomutov\u011b zaniklo 6 odborn\u00fdch pracovi\u0161\u0165 v\u00a0na\u0161\u00ed nemocnici.<\/span><\/p><p style=\"background: white; margin: 0cm 0cm 15.0pt 0cm;\"><span style=\"font-size: 14.5pt; font-family: 'Arial','sans-serif'; color: #383838;\">Kapacita a v\u00fdkonnost n\u011bkter\u00fdch odd\u011blen\u00ed na\u0161\u00ed nemocnice je nedostate\u010dn\u00e1.<\/span><\/p><p style=\"background: white; margin: 0cm 0cm 15.0pt 0cm;\"><span style=\"font-size: 14.5pt; font-family: 'Arial','sans-serif'; color: #383838;\">Budeme usilovat o jedn\u00e1n\u00ed s\u00a0KZ a.s., aby NA\u0160E NEMOCNICE byla ekonomicky a pr\u00e1vn\u011b samostatn\u00e1 a aby m\u011bla plnohodnotn\u00e9 a kompetentn\u00ed veden\u00ed a \u201enesed\u011blo se na dvou \u017eidl\u00edch\u201c.<\/span><\/p><p style=\"background: white; margin: 0cm 0cm 15.0pt 0cm;\"><span style=\"font-size: 14.5pt; font-family: 'Arial','sans-serif'; color: #383838;\">Podpo\u0159\u00edme z\u0159\u00edzen\u00ed chyb\u011bj\u00edc\u00ed zubn\u00ed pohotovosti v\u00a0na\u0161em m\u011bst\u011b.<\/span><\/p><\/div>\n\t\t\t\t\t\t\t\t\t<div class=\"elementor-tab-title elementor-tab-mobile-title\" aria-selected=\"false\" data-tab=\"2\" role=\"tab\" tabindex=\"-1\" aria-controls=\"elementor-tab-content-7162\" aria-expanded=\"false\">Sport<\/div>\n\t\t\t\t\t<div id=\"elementor-tab-content-7162\" class=\"elementor-tab-content elementor-clearfix\" data-tab=\"2\" role=\"tabpanel\" aria-labelledby=\"elementor-tab-title-7162\" tabindex=\"0\" hidden=\"hidden\"><p style=\"background: white; margin: 0cm 0cm 15.0pt 0cm;\"><strong><span style=\"font-size: 14.5pt; font-family: 'Arial','sans-serif'; color: #383838;\">Z\u00e1chrana m\u011bstsk\u00fdch l\u00e1zn\u00ed v\u010detn\u011b 50 m baz\u00e9nu a dal\u0161\u00edch slu\u017eeb.<\/span><\/strong><\/p><p style=\"background: white; margin: 0cm 0cm 15.0pt 0cm;\"><strong><span style=\"font-size: 14.5pt; font-family: 'Arial','sans-serif'; color: #383838; font-weight: normal;\">Zv\u00fd\u0161\u00edme podporu v\u0161ech druh\u016f sportu v\u00a0Chomutov\u011b.<\/span><\/strong><\/p><p style=\"background: white; margin: 0cm 0cm 15.0pt 0cm;\"><span style=\"font-size: 14.5pt; font-family: 'Arial','sans-serif'; color: #383838;\">Zv\u00fd\u0161\u00edme podporu sportov\u00e1n\u00ed ve sportovn\u00edch klubech.<\/span><\/p><p style=\"background: white; margin: 0cm 0cm 15.0pt 0cm;\"><span style=\"font-size: 14.5pt; font-family: 'Arial','sans-serif'; color: #383838;\">Sport je d\u016fle\u017eit\u00fd v ka\u017ed\u00e9m v\u011bku, zejm\u00e9na u d\u011bt\u00ed a ml\u00e1de\u017ee se jedn\u00e1 o nezbytnou podm\u00ednku zdrav\u00e9ho v\u00fdvoje.<\/span><\/p><p style=\"background: white; margin: 0cm 0cm 15.0pt 0cm;\"><span style=\"font-size: 14.5pt; font-family: 'Arial','sans-serif'; color: #383838;\">Podpo\u0159\u00edme sportovn\u00ed aktivity senior\u016f.<\/span><\/p><p style=\"background: white; margin: 0cm 0cm 15.0pt 0cm;\"><span style=\"font-size: 14.5pt; font-family: 'Arial','sans-serif'; color: #383838;\">Zmodernizuje m\u011bstsk\u00e9 sportovn\u00ed haly.<\/span><\/p><p style=\"background: white; margin: 0cm 0cm 15.0pt 0cm;\"><span style=\"font-size: 14.5pt; font-family: 'Arial','sans-serif'; color: #383838;\">Prosad\u00edme sportovn\u00ed sout\u011b\u017ee mezi \u0161kolami.<\/span><\/p><\/div>\n\t\t\t\t\t\t\t\t\t<div class=\"elementor-tab-title elementor-tab-mobile-title\" aria-selected=\"false\" data-tab=\"3\" role=\"tab\" tabindex=\"-1\" aria-controls=\"elementor-tab-content-7163\" aria-expanded=\"false\">Soci\u00e1ln\u00ed p\u00e9\u010de<\/div>\n\t\t\t\t\t<div id=\"elementor-tab-content-7163\" class=\"elementor-tab-content elementor-clearfix\" data-tab=\"3\" role=\"tabpanel\" aria-labelledby=\"elementor-tab-title-7163\" tabindex=\"0\" hidden=\"hidden\"><p style=\"background: white; margin: 0cm 0cm 15.0pt 0cm;\"><b><span style=\"font-size: 14.5pt; font-family: 'Arial','sans-serif'; color: #383838;\">Nov\u00fd domov s\u00a0pe\u010dovatelskou slu\u017ebou pro seniory Chomutova.<\/span><\/b><\/p><p style=\"background: white; margin: 0cm 0cm 15.0pt 0cm;\"><span style=\"font-size: 14.5pt; font-family: 'Arial','sans-serif'; color: #383838;\">Podpo\u0159\u00edme budov\u00e1n\u00ed cenov\u011b dostupn\u00e9ho seniorsk\u00e9ho bydlen\u00ed s komplexn\u00edmi slu\u017ebami.<\/span><\/p><p style=\"background: white; margin: 0cm 0cm 15.0pt 0cm;\"><span style=\"font-size: 14.5pt; font-family: 'Arial','sans-serif'; color: #383838;\">Budeme podporovat dom\u00e1c\u00ed hospic.<\/span><\/p><\/div>\n\t\t\t\t\t\t\t\t\t<div class=\"elementor-tab-title elementor-tab-mobile-title\" aria-selected=\"false\" data-tab=\"4\" role=\"tab\" tabindex=\"-1\" aria-controls=\"elementor-tab-content-7164\" aria-expanded=\"false\">Doprava<\/div>\n\t\t\t\t\t<div id=\"elementor-tab-content-7164\" class=\"elementor-tab-content elementor-clearfix\" data-tab=\"4\" role=\"tabpanel\" aria-labelledby=\"elementor-tab-title-7164\" tabindex=\"0\" hidden=\"hidden\"><p style=\"background: white; margin: 0cm 0cm 15.0pt 0cm;\"><strong><span style=\"font-size: 14.5pt; font-family: 'Arial','sans-serif'; color: #383838;\">MHD j\u00edzdn\u00e9 (tarify) sn\u00ed\u017e\u00edme o 30%.<\/span><\/strong><\/p><p style=\"background: white; margin: 0cm 0cm 15.0pt 0cm;\"><span style=\"font-size: 14.5pt; font-family: 'Arial','sans-serif'; color: #383838;\">Udr\u017e\u00edme n\u00edzkou cenu MHD a to zejm\u00e9na dostupn\u00fdm m\u011bs\u00ed\u010dn\u00edm tarifem. <\/span><\/p><p style=\"background: white; margin: 0cm 0cm 15.0pt 0cm;\"><span style=\"font-size: 14.5pt; font-family: 'Arial','sans-serif'; color: #383838;\">P\u0159iprav\u00edme ekonomickou rozvahu zaveden\u00ed ve\u0159ejn\u00e9 dopravy zdarma.<\/span><\/p><\/div>\n\t\t\t\t\t\t\t\t\t<div class=\"elementor-tab-title elementor-tab-mobile-title\" aria-selected=\"false\" data-tab=\"5\" role=\"tab\" tabindex=\"-1\" aria-controls=\"elementor-tab-content-7165\" aria-expanded=\"false\">Parkov\u00e1n\u00ed<\/div>\n\t\t\t\t\t<div id=\"elementor-tab-content-7165\" class=\"elementor-tab-content elementor-clearfix\" data-tab=\"5\" role=\"tabpanel\" aria-labelledby=\"elementor-tab-title-7165\" tabindex=\"0\" hidden=\"hidden\"><p style=\"background: white; margin: 0cm 0cm 15.0pt 0cm;\"><b><span style=\"font-size: 14.5pt; font-family: 'Arial','sans-serif'; color: #383838;\">Parkov\u00e1n\u00ed u nemocnice dv\u011b hodiny zdarma.<\/span><\/b><\/p><p style=\"background: white; margin: 0cm 0cm 15.0pt 0cm;\"><span style=\"font-size: 14.5pt; font-family: 'Arial','sans-serif'; color: #383838;\">Sn\u00ed\u017e\u00edme cenu parkov\u00e1n\u00ed v\u00a0centru o 50%.<\/span><\/p><p style=\"background: white; margin: 0cm 0cm 15.0pt 0cm;\"><span style=\"font-size: 14.5pt; font-family: 'Arial','sans-serif'; color: #383838;\">Zv\u00fd\u0161\u00edme po\u010det parkovac\u00edch m\u00edst ve m\u011bst\u011b.<\/span><\/p><\/div>\n\t\t\t\t\t\t\t\t\t<div class=\"elementor-tab-title elementor-tab-mobile-title\" aria-selected=\"false\" data-tab=\"6\" role=\"tab\" tabindex=\"-1\" aria-controls=\"elementor-tab-content-7166\" aria-expanded=\"false\">Odpadov\u00e9 hospod\u00e1\u0159stv\u00ed<\/div>\n\t\t\t\t\t<div id=\"elementor-tab-content-7166\" class=\"elementor-tab-content elementor-clearfix\" data-tab=\"6\" role=\"tabpanel\" aria-labelledby=\"elementor-tab-title-7166\" tabindex=\"0\" hidden=\"hidden\"><p style=\"background: white; margin: 0cm 0cm 15.0pt 0cm;\"><span style=\"font-size: 14.5pt; font-family: 'Arial','sans-serif'; color: #383838;\">Budeme podporovat budov\u00e1n\u00ed podzemn\u00edch stanovi\u0161\u0165 pro kontejnery.<\/span><\/p><\/div>\n\t\t\t\t\t\t\t\t\t<div class=\"elementor-tab-title elementor-tab-mobile-title\" aria-selected=\"false\" data-tab=\"7\" role=\"tab\" tabindex=\"-1\" aria-controls=\"elementor-tab-content-7167\" aria-expanded=\"false\">Ekonomika<\/div>\n\t\t\t\t\t<div id=\"elementor-tab-content-7167\" class=\"elementor-tab-content elementor-clearfix\" data-tab=\"7\" role=\"tabpanel\" aria-labelledby=\"elementor-tab-title-7167\" tabindex=\"0\" hidden=\"hidden\"><p style=\"background: white; margin: 0cm 0cm 15.0pt 0cm;\"><b><span style=\"font-size: 14.5pt; font-family: 'Arial','sans-serif'; color: #383838;\">Prov\u011b\u0159\u00edme hospoda\u0159en\u00ed s\u00a0m\u011bstsk\u00fdmi prost\u0159edky.<\/span><\/b><\/p><p style=\"background: white; margin: 0cm 0cm 15.0pt 0cm;\"><span style=\"font-size: 14.5pt; font-family: 'Arial','sans-serif'; color: #383838;\">Zkontrolujeme stav m\u011bstsk\u00fdch organizac\u00ed, tak aby dok\u00e1zaly efektivn\u011b slou\u017eit ob\u010dan\u016fm.<\/span><\/p><p style=\"background: white; margin: 0cm 0cm 15.0pt 0cm;\"><span style=\"font-size: 14.5pt; font-family: 'Arial','sans-serif'; color: #383838;\">Nebudeme investovat do bezv\u00fdznamn\u00fdch zch\u00e1tral\u00fdch budov.<\/span><\/p><p style=\"background: white; margin: 0cm 0cm 15.0pt 0cm;\"><span style=\"font-size: 14.5pt; font-family: 'Arial','sans-serif'; color: #383838;\">Nebudeme privatizovat bytov\u00fd fond.<\/span><\/p><p style=\"background: white; margin: 0cm 0cm 15.0pt 0cm;\"><span style=\"font-size: 14.5pt; font-family: 'Arial','sans-serif'; color: #383838;\">Budeme bojovat proti obchodu s\u00a0chudobou.<\/span><\/p><p class=\"-wm-msonormal\" style=\"margin: 0cm; margin-bottom: .0001pt; background: white;\"><span style=\"font-size: 14.5pt; font-family: 'Arial','sans-serif'; color: #383838;\">Sn\u00ed\u017e\u00edme da\u0148 z nemovitosti.<\/span><\/p><\/div>\n\t\t\t\t\t\t\t<\/div>\n\t\t<\/div>\n\t\t\t\t<\/div>\n\t\t\t\t<\/div>\n\t\t\t\t\t<\/div>\n\t\t<\/div>\n\t\t\t\t\t<\/div>\n\t\t<\/section>\n\t\t\t\t<\/div>\n\t\t","protected":false},"excerpt":{"rendered":"<p>T\u00e9matick\u00fd program Zdravotnictv\u00ed Sport Soci\u00e1ln\u00ed p\u00e9\u010de Doprava Parkov\u00e1n\u00ed Odpadov\u00e9 hospod\u00e1\u0159stv\u00ed Ekonomika Zdravotnictv\u00ed Komplexn\u00ed a dostupn\u00e1 zdravotnick\u00e1 p\u00e9\u010de. Budeme usilovat o komplexn\u00ed a dostupnou zdravotnickou p\u00e9\u010di, proto\u017ee za posledn\u00edch 10 let v Chomutov\u011b zaniklo 6 odborn\u00fdch pracovi\u0161\u0165 v\u00a0na\u0161\u00ed nemocnici. Kapacita a v\u00fdkonnost n\u011bkter\u00fdch odd\u011blen\u00ed na\u0161\u00ed nemocnice je nedostate\u010dn\u00e1. Budeme usilovat o jedn\u00e1n\u00ed s\u00a0KZ a.s., aby NA\u0160E&hellip;<\/p>\n","protected":false},"author":1,"featured_media":0,"parent":0,"menu_order":0,"comment_status":"closed","ping_status":"closed","template":"","meta":{"footnotes":""},"_links":{"self":[{"href":"https:\/\/www.spravna-volba.cz\/index.php?rest_route=\/wp\/v2\/pages\/637"}],"collection":[{"href":"https:\/\/www.spravna-volba.cz\/index.php?rest_route=\/wp\/v2\/pages"}],"about":[{"href":"https:\/\/www.spravna-volba.cz\/index.php?rest_route=\/wp\/v2\/types\/page"}],"author":[{"embeddable":true,"href":"https:\/\/www.spravna-volba.cz\/index.php?rest_route=\/wp\/v2\/users\/1"}],"replies":[{"embeddable":true,"href":"https:\/\/www.spravna-volba.cz\/index.php?rest_route=%2Fwp%2Fv2%2Fcomments&post=637"}],"version-history":[{"count":115,"href":"https:\/\/www.spravna-volba.cz\/index.php?rest_route=\/wp\/v2\/pages\/637\/revisions"}],"predecessor-version":[{"id":1215,"href":"https:\/\/www.spravna-volba.cz\/index.php?rest_route=\/wp\/v2\/pages\/637\/revisions\/1215"}],"wp:attachment":[{"href":"https:\/\/www.spravna-volba.cz\/index.php?rest_route=%2Fwp%2Fv2%2Fmedia&parent=637"}],"curies":[{"name":"wp","href":"https:\/\/api.w.org\/{rel}","templated":true}]}}