{"id":634,"date":"2022-04-23T22:09:52","date_gmt":"2022-04-23T22:09:52","guid":{"rendered":"https:\/\/www.spravna-volba.cz\/?page_id=634"},"modified":"2022-06-09T16:03:28","modified_gmt":"2022-06-09T16:03:28","slug":"program","status":"publish","type":"page","link":"https:\/\/www.spravna-volba.cz\/?page_id=634","title":{"rendered":"Kdo jsme"},"content":{"rendered":"<h3><strong>Jsme nov\u00e9 hnut\u00ed, kter\u00e9 klade d\u016fraz na zdrav\u00ed a sport<\/strong><\/h3>\n<p>P\u0159ed \u010dty\u0159mi roky jsme \u0161li do komun\u00e1ln\u00edch voleb pod hnut\u00edm s n\u00e1zvem:<br \/>\nPRO Zdrav\u00ed a Sport (pro\u010d? n\u00e1zev obsahoval na\u0161e priority v zam\u00fd\u0161len\u00fdch zm\u011bn\u00e1ch ve m\u011bst\u011b).<\/p>\n<p>Z\u00edskali jsme 4,7% hlas\u016f a nechyb\u011blo mnoho, abychom v zastupitelstvu m\u011bsta mohli prosazovat n\u011bkter\u00e9 d\u016fle\u017eit\u00e9 v\u011bci pro ob\u010dany Chomutova. K dobr\u00e9mu v\u00fdsledku n\u00e1m dopomohli dva zku\u0161en\u00ed l\u00e9ka\u0159i: MUDr. Ji\u0159\u00ed Kroh a MUDr. Ota Sta\u0148o. I p\u0159es tento relativn\u00ed ne\u00fasp\u011bch n\u00e1s mnoho na\u0161ich p\u0159\u00edznivc\u016f utvrzovalo, \u017ee m\u00e1me v na\u0161\u00ed aktivit\u011b pokra\u010dovat.<br \/>\nSepsali jsme tedy petici pro zalo\u017een\u00ed nov\u00e9ho hnut\u00ed (na\u0161eho hnut\u00ed \u2013 Spr\u00e1vn\u00e1 Volba PRO Zdrav\u00ed a Sport), kterou n\u00e1m podepsalo p\u0159es tis\u00edc na\u0161ich podporuj\u00edc\u00edch ob\u010dan\u016f, a tak jsme byli zaregistrov\u00e1ni na MV (Ministerstvu vnitra).<\/p>\n<p>Hnut\u00ed bylo zalo\u017eeno pod n\u00e1zvem Spr\u00e1vn\u00e1 Volba pro Zdrav\u00ed a Sport.<br \/>\nZakl\u00e1daj\u00edc\u00ed \u010dlenov\u00e9 jsou ale p\u016fvodn\u00ed \u010dlenov\u00e9 na\u0161eho hnut\u00ed.<br \/>\nNa\u0161\u00edm p\u0159edsedou je st\u00e1le Ing. Pavel Umlauf, MBA, projektov\u00fd mana\u017eer a \u010dlov\u011bk s \u0161irok\u00fdm z\u00e1b\u011brem a vn\u00edm\u00e1n\u00edm pot\u0159eb m\u011bsta Chomutova.<br \/>\nDal\u0161\u00edm \u010dlenem je zakl\u00e1daj\u00edc\u00ed \u010dlen MUDr. Ota Sta\u0148o, kter\u00fd m\u00e1 neoceniteln\u00e9 zku\u0161enosti v oblasti zdravotnictv\u00ed, a i z Chomutovsk\u00e9 nemocnice, kde pracoval 20 let na pozici prim\u00e1\u0159e ortopedick\u00e9ho odd\u011blen\u00ed. M\u00e1 nejen p\u0159ehled o tom, co se d\u011bje ve zdravotnictv\u00ed na Chomutovsku, ale i ve zdravotnictv\u00ed v na\u0161em kraji.<\/p>\n<p>Co se t\u00fdk\u00e1 sportu a zdrav\u00e9ho \u017eivotn\u00edho stylu je na\u0161\u00edm \u010dlenem, kter\u00fd sleduje a \u0159e\u0161\u00ed sportovn\u00ed d\u011bn\u00ed na Chomutovsku, Ing. Milo\u0148 Houda, b\u00fdval\u00fd dlouholet\u00fd zastupitel m\u011bsta a radn\u00ed jedno\/ dv\u011b volebn\u00ed obdob\u00ed, se zku\u0161enostmi a znalostmi s veden\u00edm m\u011bsta Chomutova. Zab\u00fdv\u00e1 se i IT technologiemi a bytov\u00fdm hospod\u00e1\u0159stv\u00edm.<br \/>\nNovou \u010dlenkou Hnut\u00ed je i pan\u00ed PaedDr. Bc. So\u0148a Valu\u0161kov\u00e1, kter\u00e1 p\u016fsobila 40 let ve zdravotnick\u00e9m \u0161kolstv\u00ed, je spoluzakladatelka svobodn\u00e9 \u0161koly na Chomutovsku a v sou\u010dasn\u00e9 dob\u011b p\u016fsob\u00ed na z\u00e1kladn\u00ed \u0161kole. Nab\u00edz\u00ed \u0159e\u0161en\u00ed vzd\u011bl\u00e1vac\u00edch a do\u0161kolovac\u00edch aktivit v r\u00e1mci m\u011bsta a zab\u00fdv\u00e1 se soci\u00e1ln\u00edmi ot\u00e1zkami ob\u010dan\u016f.<\/p>\n<p>Jak je uvedeno v n\u00e1zvu na\u0161eho hnut\u00ed, klademe, a u\u017e p\u0159ed 4 roky jsme kladli d\u016fraz na zdrav\u00ed na prvn\u00edm m\u00edst\u011b, proto\u017ee v\u0161ichni dnes v\u00edme \u2013 a po koronavirov\u00e9 krizi zvl\u00e1\u0161t\u011b, \u017ee je to z\u00e1kladn\u00ed lidsk\u00e1 hodnota, a pak teprve jsou na \u0159ad\u011b ty hodnoty dal\u0161\u00ed.<br \/>\nNa\u0161imi kandid\u00e1ty budou nejen zdravotn\u00edci a sportovci, ale i ti, co budou cht\u00edt rozv\u00edjet a podporovat r\u016fznorod\u00e9 aktivity ve v\u0161ech oblastech spole\u010densk\u00e9ho a ekonomick\u00e9ho \u017eivota m\u011bsta.<\/p>\n<p>Co chceme? Chceme, aby na\u0161e m\u011bsto bylo p\u0159\u00edjemn\u00fdm m\u00edstem k \u017eivotu.<br \/>\nA to pro v\u0161echny na\u0161e ob\u010dany.<br \/>\nChceme napravit n\u011bkter\u00e9 nedostatky, kter\u00e9 mo\u017en\u00e1 m\u00e1lo vn\u00edm\u00e1me v b\u011b\u017en\u00e9m \u017eivot\u011b m\u011bsta.<br \/>\nAle hlavn\u011b chceme \u0159e\u0161it z\u00e1sadn\u00ed v\u011bci pro klidn\u00fd a spokojen\u00fd \u017eivot na\u0161ich ob\u010dan\u016f.<br \/>\nA to bude p\u0159edm\u011btem na\u0161eho dal\u0161\u00edho sd\u011blen\u00ed:<br \/>\nHnut\u00ed Spr\u00e1vn\u00e1 Volba pro Zdrav\u00ed a Sport \u2026 ale nejen to?!<\/p>\n<p>Zakl\u00e1daj\u00edc\u00ed \u010dlenov\u00e9 hnut\u00ed:<br \/>\nIng. Pavel Umlauf, MBA,<br \/>\nMUDr. Ota Sta\u0148o,<br \/>\nIng. Milo\u0148 Houda,<br \/>\nPaedDr. Bc. So\u0148a Valu\u0161kov\u00e1<br \/>\nNa\u0161i kandid\u00e1ti:<br \/>\nArtur Omarov\u2013reprezentant \u010cesk\u00e9 republiky v z\u00e1pas \u0159ecko-\u0159\u00edmsk\u00fd \u2013 olympionik<\/p>\n<p>&nbsp;<\/p>\n","protected":false},"excerpt":{"rendered":"<p>Jsme nov\u00e9 hnut\u00ed, kter\u00e9 klade d\u016fraz na zdrav\u00ed a sport P\u0159ed \u010dty\u0159mi roky jsme \u0161li do komun\u00e1ln\u00edch voleb pod hnut\u00edm s n\u00e1zvem: PRO Zdrav\u00ed a Sport (pro\u010d? n\u00e1zev obsahoval na\u0161e priority v zam\u00fd\u0161len\u00fdch zm\u011bn\u00e1ch ve m\u011bst\u011b). Z\u00edskali jsme 4,7% hlas\u016f a nechyb\u011blo mnoho, abychom v zastupitelstvu m\u011bsta mohli prosazovat n\u011bkter\u00e9 d\u016fle\u017eit\u00e9 v\u011bci pro ob\u010dany Chomutova.&hellip;<\/p>\n","protected":false},"author":1,"featured_media":0,"parent":0,"menu_order":0,"comment_status":"closed","ping_status":"closed","template":"","meta":{"footnotes":""},"_links":{"self":[{"href":"https:\/\/www.spravna-volba.cz\/index.php?rest_route=\/wp\/v2\/pages\/634"}],"collection":[{"href":"https:\/\/www.spravna-volba.cz\/index.php?rest_route=\/wp\/v2\/pages"}],"about":[{"href":"https:\/\/www.spravna-volba.cz\/index.php?rest_route=\/wp\/v2\/types\/page"}],"author":[{"embeddable":true,"href":"https:\/\/www.spravna-volba.cz\/index.php?rest_route=\/wp\/v2\/users\/1"}],"replies":[{"embeddable":true,"href":"https:\/\/www.spravna-volba.cz\/index.php?rest_route=%2Fwp%2Fv2%2Fcomments&post=634"}],"version-history":[{"count":8,"href":"https:\/\/www.spravna-volba.cz\/index.php?rest_route=\/wp\/v2\/pages\/634\/revisions"}],"predecessor-version":[{"id":1205,"href":"https:\/\/www.spravna-volba.cz\/index.php?rest_route=\/wp\/v2\/pages\/634\/revisions\/1205"}],"wp:attachment":[{"href":"https:\/\/www.spravna-volba.cz\/index.php?rest_route=%2Fwp%2Fv2%2Fmedia&parent=634"}],"curies":[{"name":"wp","href":"https:\/\/api.w.org\/{rel}","templated":true}]}}